{"id":1098,"date":"2021-09-08T18:59:08","date_gmt":"2021-09-08T15:59:08","guid":{"rendered":"https:\/\/infobalans.ee\/about-us\/"},"modified":"2021-10-12T09:52:46","modified_gmt":"2021-10-12T06:52:46","slug":"meist","status":"publish","type":"page","link":"https:\/\/infobalans.ee\/et\/meist\/","title":{"rendered":"ETTEV\u00d5TTEST"},"content":{"rendered":"\t\t<div data-elementor-type=\"wp-page\" data-elementor-id=\"1098\" class=\"elementor elementor-1098 elementor-104\" data-elementor-settings=\"[]\">\n\t\t\t\t\t\t\t<div class=\"elementor-section-wrap\">\n\t\t\t\t\t\t\t<section class=\"elementor-section elementor-top-section elementor-element elementor-element-c525ee4 elementor-section-height-min-height elementor-section-boxed elementor-section-height-default elementor-section-items-middle\" data-id=\"c525ee4\" data-element_type=\"section\">\n\t\t\t\t\t\t<div class=\"elementor-container elementor-column-gap-default\">\n\t\t\t\t\t<div class=\"elementor-column elementor-col-100 elementor-top-column elementor-element elementor-element-29765fe\" data-id=\"29765fe\" data-element_type=\"column\" data-settings=\"{&quot;background_background&quot;:&quot;classic&quot;}\">\n\t\t\t<div class=\"elementor-widget-wrap elementor-element-populated\">\n\t\t\t\t\t\t\t\t<div class=\"elementor-element elementor-element-f79c643 elementor-widget elementor-widget-spacer\" data-id=\"f79c643\" data-element_type=\"widget\" data-widget_type=\"spacer.default\">\n\t\t\t\t<div class=\"elementor-widget-container\">\n\t\t\t\t\t<div class=\"elementor-spacer\">\n\t\t\t<div class=\"elementor-spacer-inner\"><\/div>\n\t\t<\/div>\n\t\t\t\t<\/div>\n\t\t\t\t<\/div>\n\t\t\t\t<section class=\"elementor-section elementor-inner-section elementor-element elementor-element-fcccf84 elementor-section-boxed elementor-section-height-default elementor-section-height-default\" data-id=\"fcccf84\" data-element_type=\"section\">\n\t\t\t\t\t\t<div class=\"elementor-container elementor-column-gap-default\">\n\t\t\t\t\t<div class=\"elementor-column elementor-col-100 elementor-inner-column elementor-element elementor-element-5c06f0a\" data-id=\"5c06f0a\" data-element_type=\"column\">\n\t\t\t<div class=\"elementor-widget-wrap\">\n\t\t\t\t\t\t\t\t\t<\/div>\n\t\t<\/div>\n\t\t\t\t\t\t\t<\/div>\n\t\t<\/section>\n\t\t\t\t\t<\/div>\n\t\t<\/div>\n\t\t\t\t\t\t\t<\/div>\n\t\t<\/section>\n\t\t\t\t<section class=\"elementor-section elementor-top-section elementor-element elementor-element-a2c2f19 elementor-section-boxed elementor-section-height-default elementor-section-height-default\" data-id=\"a2c2f19\" data-element_type=\"section\">\n\t\t\t\t\t\t<div class=\"elementor-container elementor-column-gap-default\">\n\t\t\t\t\t<div class=\"elementor-column elementor-col-100 elementor-top-column elementor-element elementor-element-03c28b2\" data-id=\"03c28b2\" data-element_type=\"column\">\n\t\t\t<div class=\"elementor-widget-wrap elementor-element-populated\">\n\t\t\t\t\t\t\t\t<div class=\"elementor-element elementor-element-82e0304 elementor-widget elementor-widget-text-editor\" data-id=\"82e0304\" data-element_type=\"widget\" data-widget_type=\"text-editor.default\">\n\t\t\t\t<div class=\"elementor-widget-container\">\n\t\t\t\t\t\t\t<p>MEIST<\/p>\t\t\t\t\t\t<\/div>\n\t\t\t\t<\/div>\n\t\t\t\t<div class=\"elementor-element elementor-element-b844847 elementor-widget elementor-widget-heading\" data-id=\"b844847\" data-element_type=\"widget\" data-widget_type=\"heading.default\">\n\t\t\t\t<div class=\"elementor-widget-container\">\n\t\t\t<h5 class=\"elementor-heading-title elementor-size-default\">Ettev\u00f5ttest l\u00e4hemalt <\/h5>\t\t<\/div>\n\t\t\t\t<\/div>\n\t\t\t\t\t<\/div>\n\t\t<\/div>\n\t\t\t\t\t\t\t<\/div>\n\t\t<\/section>\n\t\t\t\t<section class=\"elementor-section elementor-top-section elementor-element elementor-element-dfcea1e elementor-section-boxed elementor-section-height-default elementor-section-height-default\" data-id=\"dfcea1e\" data-element_type=\"section\">\n\t\t\t\t\t\t<div class=\"elementor-container elementor-column-gap-default\">\n\t\t\t\t\t<div class=\"elementor-column elementor-col-100 elementor-top-column elementor-element elementor-element-800cda3\" data-id=\"800cda3\" data-element_type=\"column\">\n\t\t\t<div class=\"elementor-widget-wrap elementor-element-populated\">\n\t\t\t\t\t\t\t\t<section class=\"elementor-section elementor-inner-section elementor-element elementor-element-1932879 elementor-section-boxed elementor-section-height-default elementor-section-height-default\" data-id=\"1932879\" data-element_type=\"section\">\n\t\t\t\t\t\t<div class=\"elementor-container elementor-column-gap-extended\">\n\t\t\t\t\t<div class=\"elementor-column elementor-col-33 elementor-inner-column elementor-element elementor-element-b3eeb7b\" data-id=\"b3eeb7b\" data-element_type=\"column\">\n\t\t\t<div class=\"elementor-widget-wrap elementor-element-populated\">\n\t\t\t\t\t\t\t\t<div class=\"elementor-element elementor-element-ecd2753 elementor-widget elementor-widget-heading\" data-id=\"ecd2753\" data-element_type=\"widget\" data-widget_type=\"heading.default\">\n\t\t\t\t<div class=\"elementor-widget-container\">\n\t\t\t<h5 class=\"elementor-heading-title elementor-size-default\">Kes me oleme?<\/h5>\t\t<\/div>\n\t\t\t\t<\/div>\n\t\t\t\t<div class=\"elementor-element elementor-element-79559ca elementor-widget elementor-widget-text-editor\" data-id=\"79559ca\" data-element_type=\"widget\" data-widget_type=\"text-editor.default\">\n\t\t\t\t<div class=\"elementor-widget-container\">\n\t\t\t\t\t\t\t<p>Oleme turul alates aastast 1995 ning t\u00f5estanud end selle aja jooksul usaldusv\u00e4\u00e4rse, kvalifitseeritud abilisena e-raamatupidamisteenuste osutamisega mis tahes ettev\u00f5ttele. Rikkalikud kogemused teenuste osutamises erinevatele majandusvaldkondadele spetsialiseerunud ettev\u00f5tetele: hulgi- ja jaekaubandus, tootmine, ehitus, teenuste osutamine, aidates neil lahendada igasuguse keerukusega raamatupidamis- ja maksuk\u00fcsimusi. Oma ettev\u00f5tte raamatupidamise ja \u00f5igusprobleemide lahendamise meie ettev\u00f5tte hoolde usaldanud klientide arv kasvab iga aastaga.<\/p>\t\t\t\t\t\t<\/div>\n\t\t\t\t<\/div>\n\t\t\t\t\t<\/div>\n\t\t<\/div>\n\t\t\t\t<div class=\"elementor-column elementor-col-33 elementor-inner-column elementor-element elementor-element-7c470a5\" data-id=\"7c470a5\" data-element_type=\"column\">\n\t\t\t<div class=\"elementor-widget-wrap elementor-element-populated\">\n\t\t\t\t\t\t\t\t<div class=\"elementor-element elementor-element-2d5df66 elementor-widget elementor-widget-heading\" data-id=\"2d5df66\" data-element_type=\"widget\" data-widget_type=\"heading.default\">\n\t\t\t\t<div class=\"elementor-widget-container\">\n\t\t\t<h5 class=\"elementor-heading-title elementor-size-default\">Mida me teeme?<\/h5>\t\t<\/div>\n\t\t\t\t<\/div>\n\t\t\t\t<div class=\"elementor-element elementor-element-8ad8fdb elementor-widget elementor-widget-text-editor\" data-id=\"8ad8fdb\" data-element_type=\"widget\" data-widget_type=\"text-editor.default\">\n\t\t\t\t<div class=\"elementor-widget-container\">\n\t\t\t\t\t\t\t<p>Pakume raamatupidamisteenuseid, n\u00f5ustame finantsvaldkonnas ja tegeleme erinevate omandit\u00fc\u00fcpidega ettev\u00f5tete (FIE, O\u00dc, AS, MT\u00dc) loomise ja sulgemisega. Meie kogemused ja teadmised \u00e4ri- ja rahanduse valdkonnas aitavad teil korraldada igasuguse keerukusega raamatupidamist.<\/p><p><b>Meie raamatupidamisteenuste loetelu:<\/b><\/p>\t\t\t\t\t\t<\/div>\n\t\t\t\t<\/div>\n\t\t\t\t<div class=\"elementor-element elementor-element-be778c0 elementor-icon-list--layout-traditional elementor-list-item-link-full_width elementor-widget elementor-widget-icon-list\" data-id=\"be778c0\" data-element_type=\"widget\" data-widget_type=\"icon-list.default\">\n\t\t\t\t<div class=\"elementor-widget-container\">\n\t\t\t\t\t<ul class=\"elementor-icon-list-items\">\n\t\t\t\t\t\t\t<li class=\"elementor-icon-list-item\">\n\t\t\t\t\t\t\t\t\t\t\t<span class=\"elementor-icon-list-icon\">\n\t\t\t\t\t\t\t<i aria-hidden=\"true\" class=\"fas fa-circle\"><\/i>\t\t\t\t\t\t<\/span>\n\t\t\t\t\t\t\t\t\t\t<span class=\"elementor-icon-list-text\">ettev\u00f5tte raamatupidamine;<\/span>\n\t\t\t\t\t\t\t\t\t<\/li>\n\t\t\t\t\t\t\t\t<li class=\"elementor-icon-list-item\">\n\t\t\t\t\t\t\t\t\t\t\t<span class=\"elementor-icon-list-icon\">\n\t\t\t\t\t\t\t<i aria-hidden=\"true\" class=\"fas fa-circle\"><\/i>\t\t\t\t\t\t<\/span>\n\t\t\t\t\t\t\t\t\t\t<span class=\"elementor-icon-list-text\">raamatupidamise auditeerimine; <\/span>\n\t\t\t\t\t\t\t\t\t<\/li>\n\t\t\t\t\t\t\t\t<li class=\"elementor-icon-list-item\">\n\t\t\t\t\t\t\t\t\t\t\t<span class=\"elementor-icon-list-icon\">\n\t\t\t\t\t\t\t<i aria-hidden=\"true\" class=\"fas fa-circle\"><\/i>\t\t\t\t\t\t<\/span>\n\t\t\t\t\t\t\t\t\t\t<span class=\"elementor-icon-list-text\">maksudeklaratsioonide esitamine; <\/span>\n\t\t\t\t\t\t\t\t\t<\/li>\n\t\t\t\t\t\t\t\t<li class=\"elementor-icon-list-item\">\n\t\t\t\t\t\t\t\t\t\t\t<span class=\"elementor-icon-list-icon\">\n\t\t\t\t\t\t\t<i aria-hidden=\"true\" class=\"fas fa-circle\"><\/i>\t\t\t\t\t\t<\/span>\n\t\t\t\t\t\t\t\t\t\t<span class=\"elementor-icon-list-text\">finantsaruannete esitamine;<\/span>\n\t\t\t\t\t\t\t\t\t<\/li>\n\t\t\t\t\t\t\t\t<li class=\"elementor-icon-list-item\">\n\t\t\t\t\t\t\t\t\t\t\t<span class=\"elementor-icon-list-icon\">\n\t\t\t\t\t\t\t<i aria-hidden=\"true\" class=\"fas fa-circle\"><\/i>\t\t\t\t\t\t<\/span>\n\t\t\t\t\t\t\t\t\t\t<span class=\"elementor-icon-list-text\">finantsanal\u00fc\u00fcs ettev\u00f5tete omanikele;<\/span>\n\t\t\t\t\t\t\t\t\t<\/li>\n\t\t\t\t\t\t\t\t<li class=\"elementor-icon-list-item\">\n\t\t\t\t\t\t\t\t\t\t\t<span class=\"elementor-icon-list-icon\">\n\t\t\t\t\t\t\t<i aria-hidden=\"true\" class=\"fas fa-circle\"><\/i>\t\t\t\t\t\t<\/span>\n\t\t\t\t\t\t\t\t\t\t<span class=\"elementor-icon-list-text\">eelarvestamine;<\/span>\n\t\t\t\t\t\t\t\t\t<\/li>\n\t\t\t\t\t\t\t\t<li class=\"elementor-icon-list-item\">\n\t\t\t\t\t\t\t\t\t\t\t<span class=\"elementor-icon-list-icon\">\n\t\t\t\t\t\t\t<i aria-hidden=\"true\" class=\"fas fa-circle\"><\/i>\t\t\t\t\t\t<\/span>\n\t\t\t\t\t\t\t\t\t\t<span class=\"elementor-icon-list-text\">ettev\u00f5tete asutamine ja sulgemine jne.<\/span>\n\t\t\t\t\t\t\t\t\t<\/li>\n\t\t\t\t\t\t<\/ul>\n\t\t\t\t<\/div>\n\t\t\t\t<\/div>\n\t\t\t\t\t<\/div>\n\t\t<\/div>\n\t\t\t\t<div class=\"elementor-column elementor-col-33 elementor-inner-column elementor-element elementor-element-98a9b69\" data-id=\"98a9b69\" data-element_type=\"column\">\n\t\t\t<div class=\"elementor-widget-wrap elementor-element-populated\">\n\t\t\t\t\t\t\t\t<div class=\"elementor-element elementor-element-5dac8fb elementor-widget elementor-widget-heading\" data-id=\"5dac8fb\" data-element_type=\"widget\" data-widget_type=\"heading.default\">\n\t\t\t\t<div class=\"elementor-widget-container\">\n\t\t\t<h5 class=\"elementor-heading-title elementor-size-default\">Miks me seda teeme?<\/h5>\t\t<\/div>\n\t\t\t\t<\/div>\n\t\t\t\t<div class=\"elementor-element elementor-element-d4bad42 elementor-widget elementor-widget-text-editor\" data-id=\"d4bad42\" data-element_type=\"widget\" data-widget_type=\"text-editor.default\">\n\t\t\t\t<div class=\"elementor-widget-container\">\n\t\t\t\t\t\t\t<p>Meie raamatupidamis- ja maksuteenuste pakkumise kogemused v\u00f5imaldavad teil keskenduda oma \u00e4ristrateegiale ja sisemisi ressursse t\u00f5husamalt jaotada. Meie ettev\u00f5tet oma raamatupidamisse kaasates ning meie kogemusi ja \u00e4rilist l\u00e4henemist kasutades on ettev\u00f5tte juhtkonnal v\u00f5imalik saada k\u00f5ige \u00f5igemat, t\u00e4psemat ja usaldusv\u00e4\u00e4rsemat teavet, v\u00e4hendades seel\u00e4bi raamatupidamisvigade t\u00f5en\u00e4osust.<\/p>\t\t\t\t\t\t<\/div>\n\t\t\t\t<\/div>\n\t\t\t\t\t<\/div>\n\t\t<\/div>\n\t\t\t\t\t\t\t<\/div>\n\t\t<\/section>\n\t\t\t\t\t<\/div>\n\t\t<\/div>\n\t\t\t\t\t\t\t<\/div>\n\t\t<\/section>\n\t\t\t\t<section class=\"elementor-section elementor-top-section elementor-element elementor-element-621f3fb elementor-section-boxed elementor-section-height-default elementor-section-height-default\" data-id=\"621f3fb\" data-element_type=\"section\">\n\t\t\t\t\t\t<div class=\"elementor-container elementor-column-gap-default\">\n\t\t\t\t\t<div class=\"elementor-column elementor-col-100 elementor-top-column elementor-element elementor-element-08c721a\" data-id=\"08c721a\" data-element_type=\"column\">\n\t\t\t<div class=\"elementor-widget-wrap elementor-element-populated\">\n\t\t\t\t\t\t\t\t<section class=\"elementor-section elementor-inner-section elementor-element elementor-element-68ce8e0 elementor-section-height-min-height elementor-section-boxed elementor-section-height-default\" data-id=\"68ce8e0\" data-element_type=\"section\">\n\t\t\t\t\t\t<div class=\"elementor-container elementor-column-gap-default\">\n\t\t\t\t\t<div class=\"elementor-column elementor-col-50 elementor-inner-column elementor-element elementor-element-dee8177\" data-id=\"dee8177\" data-element_type=\"column\" data-settings=\"{&quot;background_background&quot;:&quot;classic&quot;}\">\n\t\t\t<div class=\"elementor-widget-wrap elementor-element-populated\">\n\t\t\t\t\t<div class=\"elementor-background-overlay\"><\/div>\n\t\t\t\t\t\t\t\t<div class=\"elementor-element elementor-element-ccf9888 elementor-hidden-desktop elementor-hidden-tablet elementor-widget elementor-widget-spacer\" data-id=\"ccf9888\" data-element_type=\"widget\" data-widget_type=\"spacer.default\">\n\t\t\t\t<div class=\"elementor-widget-container\">\n\t\t\t\t\t<div class=\"elementor-spacer\">\n\t\t\t<div class=\"elementor-spacer-inner\"><\/div>\n\t\t<\/div>\n\t\t\t\t<\/div>\n\t\t\t\t<\/div>\n\t\t\t\t\t<\/div>\n\t\t<\/div>\n\t\t\t\t<div class=\"elementor-column elementor-col-50 elementor-inner-column elementor-element elementor-element-975ffa4\" data-id=\"975ffa4\" data-element_type=\"column\">\n\t\t\t<div class=\"elementor-widget-wrap elementor-element-populated\">\n\t\t\t\t\t\t\t\t<div class=\"elementor-element elementor-element-253472e elementor-widget elementor-widget-text-editor\" data-id=\"253472e\" data-element_type=\"widget\" data-widget_type=\"text-editor.default\">\n\t\t\t\t<div class=\"elementor-widget-container\">\n\t\t\t\t\t\t\t<p>MEIE EESM\u00c4RGID<\/p>\t\t\t\t\t\t<\/div>\n\t\t\t\t<\/div>\n\t\t\t\t<div class=\"elementor-element elementor-element-caa57c2 elementor-widget elementor-widget-heading\" data-id=\"caa57c2\" data-element_type=\"widget\" data-widget_type=\"heading.default\">\n\t\t\t\t<div class=\"elementor-widget-container\">\n\t\t\t<h5 class=\"elementor-heading-title elementor-size-default\">Meie ettev\u00f5tte eesm\u00e4rgid<\/h5>\t\t<\/div>\n\t\t\t\t<\/div>\n\t\t\t\t<div class=\"elementor-element elementor-element-5e61b27 elementor-widget elementor-widget-text-editor\" data-id=\"5e61b27\" data-element_type=\"widget\" data-widget_type=\"text-editor.default\">\n\t\t\t\t<div class=\"elementor-widget-container\">\n\t\t\t\t\t\t\t<p>Meil on hea meel pakkuda teie ettev\u00f5ttele raamatupidamisabi ja -teenuseid.<\/p>\t\t\t\t\t\t<\/div>\n\t\t\t\t<\/div>\n\t\t\t\t<div class=\"elementor-element elementor-element-8de8635 elementor-widget elementor-widget-text-editor\" data-id=\"8de8635\" data-element_type=\"widget\" data-widget_type=\"text-editor.default\">\n\t\t\t\t<div class=\"elementor-widget-container\">\n\t\t\t\t\t\t\t<p>Oleme suunatud pikaajalisele koost\u00f6\u00f6le iga kliendiga ja seep\u00e4rast on \u00fcks meie peamisi prioriteete kliendi vajaduste rahuldamine.<\/p>\t\t\t\t\t\t<\/div>\n\t\t\t\t<\/div>\n\t\t\t\t<div class=\"elementor-element elementor-element-558a297 elementor-widget elementor-widget-text-editor\" data-id=\"558a297\" data-element_type=\"widget\" data-widget_type=\"text-editor.default\">\n\t\t\t\t<div class=\"elementor-widget-container\">\n\t\t\t\t\t\t\t<p>Kanname hoolt, et k\u00f5ik kliendid j\u00e4\u00e4ksid meie tehtud t\u00f6\u00f6 ja saadud tulemusega rahule \u2013 see on meie \u00fchine edu.<\/p>\t\t\t\t\t\t<\/div>\n\t\t\t\t<\/div>\n\t\t\t\t\t<\/div>\n\t\t<\/div>\n\t\t\t\t\t\t\t<\/div>\n\t\t<\/section>\n\t\t\t\t<section class=\"elementor-section elementor-inner-section elementor-element elementor-element-00d89c1 elementor-hidden-mobile elementor-section-height-min-height elementor-section-boxed elementor-section-height-default\" data-id=\"00d89c1\" data-element_type=\"section\">\n\t\t\t\t\t\t<div class=\"elementor-container elementor-column-gap-default\">\n\t\t\t\t\t<div class=\"elementor-column elementor-col-50 elementor-inner-column elementor-element elementor-element-7732710\" data-id=\"7732710\" data-element_type=\"column\">\n\t\t\t<div class=\"elementor-widget-wrap elementor-element-populated\">\n\t\t\t\t\t\t\t\t<div class=\"elementor-element elementor-element-4335e5f elementor-widget elementor-widget-text-editor\" data-id=\"4335e5f\" data-element_type=\"widget\" data-widget_type=\"text-editor.default\">\n\t\t\t\t<div class=\"elementor-widget-container\">\n\t\t\t\t\t\t\t<p>MEIE MISSIOON<\/p>\t\t\t\t\t\t<\/div>\n\t\t\t\t<\/div>\n\t\t\t\t<div class=\"elementor-element elementor-element-502c72c elementor-widget elementor-widget-heading\" data-id=\"502c72c\" data-element_type=\"widget\" data-widget_type=\"heading.default\">\n\t\t\t\t<div class=\"elementor-widget-container\">\n\t\t\t<h5 class=\"elementor-heading-title elementor-size-default\">Meie ettev\u00f5tte missioon<\/h5>\t\t<\/div>\n\t\t\t\t<\/div>\n\t\t\t\t<div class=\"elementor-element elementor-element-a7a26f6 elementor-widget elementor-widget-text-editor\" data-id=\"a7a26f6\" data-element_type=\"widget\" data-widget_type=\"text-editor.default\">\n\t\t\t\t<div class=\"elementor-widget-container\">\n\t\t\t\t\t\t\t<p>S\u00f5ltumata teie ettev\u00f5tte rahalisest k\u00e4ibest v\u00f5i omandivormist vajab see raamatupidamisalast tuge.<\/p>\t\t\t\t\t\t<\/div>\n\t\t\t\t<\/div>\n\t\t\t\t<div class=\"elementor-element elementor-element-67b90e4 elementor-widget elementor-widget-text-editor\" data-id=\"67b90e4\" data-element_type=\"widget\" data-widget_type=\"text-editor.default\">\n\t\t\t\t<div class=\"elementor-widget-container\">\n\t\t\t\t\t\t\t<p>Selle korraldamise kohustus lasub ettev\u00f5tte juhatuse liikmel.<\/p>\t\t\t\t\t\t<\/div>\n\t\t\t\t<\/div>\n\t\t\t\t<div class=\"elementor-element elementor-element-b3cbc47 elementor-widget elementor-widget-text-editor\" data-id=\"b3cbc47\" data-element_type=\"widget\" data-widget_type=\"text-editor.default\">\n\t\t\t\t<div class=\"elementor-widget-container\">\n\t\t\t\t\t\t\t<p>Me korraldame teile sellise raamatupidamisalase toe, mis v\u00f5imaldab teil nii m\u00f5istlikke juhtimisotsuseid langetada kui saada pankadelt ja muudelt krediidiasutustelt edukalt oma \u00e4riprojektidele rahastust, toetudes eelmiste aastate prognoosidele ja statistikale<\/p>\t\t\t\t\t\t<\/div>\n\t\t\t\t<\/div>\n\t\t\t\t\t<\/div>\n\t\t<\/div>\n\t\t\t\t<div class=\"elementor-column elementor-col-50 elementor-inner-column elementor-element elementor-element-a4e22aa\" data-id=\"a4e22aa\" data-element_type=\"column\" data-settings=\"{&quot;background_background&quot;:&quot;classic&quot;}\">\n\t\t\t<div class=\"elementor-widget-wrap elementor-element-populated\">\n\t\t\t\t\t<div class=\"elementor-background-overlay\"><\/div>\n\t\t\t\t\t\t\t\t<div class=\"elementor-element elementor-element-e4db5c8 elementor-hidden-desktop elementor-hidden-tablet elementor-widget elementor-widget-spacer\" data-id=\"e4db5c8\" data-element_type=\"widget\" data-widget_type=\"spacer.default\">\n\t\t\t\t<div class=\"elementor-widget-container\">\n\t\t\t\t\t<div class=\"elementor-spacer\">\n\t\t\t<div class=\"elementor-spacer-inner\"><\/div>\n\t\t<\/div>\n\t\t\t\t<\/div>\n\t\t\t\t<\/div>\n\t\t\t\t\t<\/div>\n\t\t<\/div>\n\t\t\t\t\t\t\t<\/div>\n\t\t<\/section>\n\t\t\t\t\t<\/div>\n\t\t<\/div>\n\t\t\t\t\t\t\t<\/div>\n\t\t<\/section>\n\t\t\t\t\t\t<\/div>\n\t\t\t\t\t<\/div>\n\t\t","protected":false},"excerpt":{"rendered":"<p>MEIST Ettev\u00f5ttest l\u00e4hemalt Kes me oleme? Oleme turul alates aastast 1995 ning t\u00f5estanud end selle aja jooksul usaldusv\u00e4\u00e4rse, kvalifitseeritud abilisena e-raamatupidamisteenuste osutamisega mis tahes ettev\u00f5ttele. Rikkalikud kogemused teenuste osutamises erinevatele majandusvaldkondadele spetsialiseerunud ettev\u00f5tetele: hulgi- ja jaekaubandus, tootmine, ehitus, teenuste osutamine, aidates neil lahendada igasuguse keerukusega raamatupidamis- ja maksuk\u00fcsimusi. Oma ettev\u00f5tte raamatupidamise ja \u00f5igusprobleemide lahendamise meie [&hellip;]<\/p>\n","protected":false},"author":2,"featured_media":0,"parent":0,"menu_order":0,"comment_status":"closed","ping_status":"closed","template":"elementor_header_footer","meta":{"footnotes":""},"class_list":["post-1098","page","type-page","status-publish","hentry"],"yoast_head":"<!-- This site is optimized with the Yoast SEO plugin v17.2.1 - https:\/\/yoast.com\/wordpress\/plugins\/seo\/ -->\n<title>ETTEV\u00d5TTEST - Infobalans<\/title>\n<meta name=\"robots\" content=\"index, follow, max-snippet:-1, max-image-preview:large, max-video-preview:-1\" \/>\n<link rel=\"canonical\" href=\"https:\/\/infobalans.ee\/meist\/\" \/>\n<meta property=\"og:locale\" content=\"et_EE\" \/>\n<meta property=\"og:type\" content=\"article\" \/>\n<meta property=\"og:title\" content=\"ETTEV\u00d5TTEST - Infobalans\" \/>\n<meta property=\"og:description\" content=\"MEIST Ettev\u00f5ttest l\u00e4hemalt Kes me oleme? Oleme turul alates aastast 1995 ning t\u00f5estanud end selle aja jooksul usaldusv\u00e4\u00e4rse, kvalifitseeritud abilisena e-raamatupidamisteenuste osutamisega mis tahes ettev\u00f5ttele. Rikkalikud kogemused teenuste osutamises erinevatele majandusvaldkondadele spetsialiseerunud ettev\u00f5tetele: hulgi- ja jaekaubandus, tootmine, ehitus, teenuste osutamine, aidates neil lahendada igasuguse keerukusega raamatupidamis- ja maksuk\u00fcsimusi. Oma ettev\u00f5tte raamatupidamise ja \u00f5igusprobleemide lahendamise meie [&hellip;]\" \/>\n<meta property=\"og:url\" content=\"https:\/\/infobalans.ee\/meist\/\" \/>\n<meta property=\"og:site_name\" content=\"Infobalans\" \/>\n<meta property=\"article:modified_time\" content=\"2021-10-12T06:52:46+00:00\" \/>\n<meta name=\"twitter:card\" content=\"summary_large_image\" \/>\n<meta name=\"twitter:label1\" content=\"Est. reading time\" \/>\n\t<meta name=\"twitter:data1\" content=\"2 minutit\" \/>\n<script type=\"application\/ld+json\" class=\"yoast-schema-graph\">{\"@context\":\"https:\/\/schema.org\",\"@graph\":[{\"@type\":\"WebSite\",\"@id\":\"https:\/\/infobalans.ee\/#website\",\"url\":\"https:\/\/infobalans.ee\/\",\"name\":\"Infobalans\",\"description\":\"\\u0411\\u0443\\u0445\\u0433\\u0430\\u043b\\u0442\\u0435\\u0440\\u0441\\u043a\\u0438\\u0435 \\u0443\\u0441\\u043b\\u0443\\u0433\\u0438\",\"potentialAction\":[{\"@type\":\"SearchAction\",\"target\":{\"@type\":\"EntryPoint\",\"urlTemplate\":\"https:\/\/infobalans.ee\/?s={search_term_string}\"},\"query-input\":\"required name=search_term_string\"}],\"inLanguage\":\"et\"},{\"@type\":\"WebPage\",\"@id\":\"https:\/\/infobalans.ee\/meist\/#webpage\",\"url\":\"https:\/\/infobalans.ee\/meist\/\",\"name\":\"ETTEV\\u00d5TTEST - Infobalans\",\"isPartOf\":{\"@id\":\"https:\/\/infobalans.ee\/#website\"},\"datePublished\":\"2021-09-08T15:59:08+00:00\",\"dateModified\":\"2021-10-12T06:52:46+00:00\",\"breadcrumb\":{\"@id\":\"https:\/\/infobalans.ee\/meist\/#breadcrumb\"},\"inLanguage\":\"et\",\"potentialAction\":[{\"@type\":\"ReadAction\",\"target\":[\"https:\/\/infobalans.ee\/meist\/\"]}]},{\"@type\":\"BreadcrumbList\",\"@id\":\"https:\/\/infobalans.ee\/meist\/#breadcrumb\",\"itemListElement\":[{\"@type\":\"ListItem\",\"position\":1,\"name\":\"\\u0413\\u043b\\u0430\\u0432\\u043d\\u0430\\u044f \\u0441\\u0442\\u0440\\u0430\\u043d\\u0438\\u0446\\u0430\",\"item\":\"https:\/\/infobalans.ee\/et\/\"},{\"@type\":\"ListItem\",\"position\":2,\"name\":\"ETTEV\\u00d5TTEST\"}]}]}<\/script>\n<!-- \/ Yoast SEO plugin. -->","yoast_head_json":{"title":"ETTEV\u00d5TTEST - Infobalans","robots":{"index":"index","follow":"follow","max-snippet":"max-snippet:-1","max-image-preview":"max-image-preview:large","max-video-preview":"max-video-preview:-1"},"canonical":"https:\/\/infobalans.ee\/meist\/","og_locale":"et_EE","og_type":"article","og_title":"ETTEV\u00d5TTEST - Infobalans","og_description":"MEIST Ettev\u00f5ttest l\u00e4hemalt Kes me oleme? Oleme turul alates aastast 1995 ning t\u00f5estanud end selle aja jooksul usaldusv\u00e4\u00e4rse, kvalifitseeritud abilisena e-raamatupidamisteenuste osutamisega mis tahes ettev\u00f5ttele. Rikkalikud kogemused teenuste osutamises erinevatele majandusvaldkondadele spetsialiseerunud ettev\u00f5tetele: hulgi- ja jaekaubandus, tootmine, ehitus, teenuste osutamine, aidates neil lahendada igasuguse keerukusega raamatupidamis- ja maksuk\u00fcsimusi. Oma ettev\u00f5tte raamatupidamise ja \u00f5igusprobleemide lahendamise meie [&hellip;]","og_url":"https:\/\/infobalans.ee\/meist\/","og_site_name":"Infobalans","article_modified_time":"2021-10-12T06:52:46+00:00","twitter_card":"summary_large_image","twitter_misc":{"Est. reading time":"2 minutit"},"schema":{"@context":"https:\/\/schema.org","@graph":[{"@type":"WebSite","@id":"https:\/\/infobalans.ee\/#website","url":"https:\/\/infobalans.ee\/","name":"Infobalans","description":"\u0411\u0443\u0445\u0433\u0430\u043b\u0442\u0435\u0440\u0441\u043a\u0438\u0435 \u0443\u0441\u043b\u0443\u0433\u0438","potentialAction":[{"@type":"SearchAction","target":{"@type":"EntryPoint","urlTemplate":"https:\/\/infobalans.ee\/?s={search_term_string}"},"query-input":"required name=search_term_string"}],"inLanguage":"et"},{"@type":"WebPage","@id":"https:\/\/infobalans.ee\/meist\/#webpage","url":"https:\/\/infobalans.ee\/meist\/","name":"ETTEV\u00d5TTEST - Infobalans","isPartOf":{"@id":"https:\/\/infobalans.ee\/#website"},"datePublished":"2021-09-08T15:59:08+00:00","dateModified":"2021-10-12T06:52:46+00:00","breadcrumb":{"@id":"https:\/\/infobalans.ee\/meist\/#breadcrumb"},"inLanguage":"et","potentialAction":[{"@type":"ReadAction","target":["https:\/\/infobalans.ee\/meist\/"]}]},{"@type":"BreadcrumbList","@id":"https:\/\/infobalans.ee\/meist\/#breadcrumb","itemListElement":[{"@type":"ListItem","position":1,"name":"\u0413\u043b\u0430\u0432\u043d\u0430\u044f \u0441\u0442\u0440\u0430\u043d\u0438\u0446\u0430","item":"https:\/\/infobalans.ee\/et\/"},{"@type":"ListItem","position":2,"name":"ETTEV\u00d5TTEST"}]}]}},"_links":{"self":[{"href":"https:\/\/infobalans.ee\/et\/wp-json\/wp\/v2\/pages\/1098","targetHints":{"allow":["GET"]}}],"collection":[{"href":"https:\/\/infobalans.ee\/et\/wp-json\/wp\/v2\/pages"}],"about":[{"href":"https:\/\/infobalans.ee\/et\/wp-json\/wp\/v2\/types\/page"}],"author":[{"embeddable":true,"href":"https:\/\/infobalans.ee\/et\/wp-json\/wp\/v2\/users\/2"}],"replies":[{"embeddable":true,"href":"https:\/\/infobalans.ee\/et\/wp-json\/wp\/v2\/comments?post=1098"}],"version-history":[{"count":43,"href":"https:\/\/infobalans.ee\/et\/wp-json\/wp\/v2\/pages\/1098\/revisions"}],"predecessor-version":[{"id":1664,"href":"https:\/\/infobalans.ee\/et\/wp-json\/wp\/v2\/pages\/1098\/revisions\/1664"}],"wp:attachment":[{"href":"https:\/\/infobalans.ee\/et\/wp-json\/wp\/v2\/media?parent=1098"}],"curies":[{"name":"wp","href":"https:\/\/api.w.org\/{rel}","templated":true}]}}