{"id":1131,"date":"2021-09-09T09:10:29","date_gmt":"2021-09-09T06:10:29","guid":{"rendered":"https:\/\/infobalans.ee\/contacts\/"},"modified":"2021-10-07T10:03:45","modified_gmt":"2021-10-07T07:03:45","slug":"kontakt","status":"publish","type":"page","link":"https:\/\/infobalans.ee\/et\/kontakt\/","title":{"rendered":"KONTAKTID"},"content":{"rendered":"\t\t<div data-elementor-type=\"wp-page\" data-elementor-id=\"1131\" class=\"elementor elementor-1131 elementor-188\" data-elementor-settings=\"[]\">\n\t\t\t\t\t\t\t<div class=\"elementor-section-wrap\">\n\t\t\t\t\t\t\t<section class=\"elementor-section elementor-top-section elementor-element elementor-element-9adb374 elementor-section-boxed elementor-section-height-default elementor-section-height-default\" data-id=\"9adb374\" data-element_type=\"section\" data-settings=\"{&quot;background_background&quot;:&quot;classic&quot;}\">\n\t\t\t\t\t\t<div class=\"elementor-container elementor-column-gap-default\">\n\t\t\t\t\t<div class=\"elementor-column elementor-col-100 elementor-top-column elementor-element elementor-element-5e154ba\" data-id=\"5e154ba\" data-element_type=\"column\">\n\t\t\t<div class=\"elementor-widget-wrap elementor-element-populated\">\n\t\t\t\t\t\t\t\t<section class=\"elementor-section elementor-inner-section elementor-element elementor-element-257b29c elementor-section-boxed elementor-section-height-default elementor-section-height-default\" data-id=\"257b29c\" data-element_type=\"section\">\n\t\t\t\t\t\t<div class=\"elementor-container elementor-column-gap-default\">\n\t\t\t\t\t<div class=\"elementor-column elementor-col-50 elementor-inner-column elementor-element elementor-element-bd73d78\" data-id=\"bd73d78\" data-element_type=\"column\">\n\t\t\t<div class=\"elementor-widget-wrap elementor-element-populated\">\n\t\t\t\t\t\t\t\t<div class=\"elementor-element elementor-element-0d89dc7 elementor-widget elementor-widget-text-editor\" data-id=\"0d89dc7\" data-element_type=\"widget\" data-widget_type=\"text-editor.default\">\n\t\t\t\t<div class=\"elementor-widget-container\">\n\t\t\t\t\t\t\t<p>Kontaktid<\/p>\t\t\t\t\t\t<\/div>\n\t\t\t\t<\/div>\n\t\t\t\t<div class=\"elementor-element elementor-element-64b8004 elementor-widget elementor-widget-heading\" data-id=\"64b8004\" data-element_type=\"widget\" data-widget_type=\"heading.default\">\n\t\t\t\t<div class=\"elementor-widget-container\">\n\t\t\t<h2 class=\"elementor-heading-title elementor-size-default\">Kas on k\u00fcsimusi? K\u00fcsige julgesti!<\/h2>\t\t<\/div>\n\t\t\t\t<\/div>\n\t\t\t\t<div class=\"elementor-element elementor-element-987049d elementor-widget elementor-widget-text-editor\" data-id=\"987049d\" data-element_type=\"widget\" data-widget_type=\"text-editor.default\">\n\t\t\t\t<div class=\"elementor-widget-container\">\n\t\t\t\t\t\t\t<p>Meil on r\u00f5\u00f5m n\u00e4ha teid meie kontoris, et arutada \u00fcksikasjalikumalt teie ettev\u00f5tte raamatupidamisteenuseid! Vastame teie k\u00fcsimustele alati hea meelega.<\/p>\t\t\t\t\t\t<\/div>\n\t\t\t\t<\/div>\n\t\t\t\t<div class=\"elementor-element elementor-element-5cbb7bf elementor-shape-circle e-grid-align-left elementor-grid-0 elementor-widget elementor-widget-social-icons\" data-id=\"5cbb7bf\" data-element_type=\"widget\" data-widget_type=\"social-icons.default\">\n\t\t\t\t<div class=\"elementor-widget-container\">\n\t\t\t\t\t<div class=\"elementor-social-icons-wrapper elementor-grid\">\n\t\t\t\t\t\t\t<span class=\"elementor-grid-item\">\n\t\t\t\t\t<a class=\"elementor-icon elementor-social-icon elementor-social-icon- elementor-repeater-item-5d65c78\" href=\"https:\/\/www.facebook.com\/buhgalterija1\" target=\"_blank\">\n\t\t\t\t\t\t<span class=\"elementor-screen-only\"><\/span>\n\t\t\t\t\t\t<svg xmlns=\"http:\/\/www.w3.org\/2000\/svg\" id=\"Bold\" height=\"512\" viewBox=\"0 0 24 24\" width=\"512\"><path d=\"m15.997 3.985h2.191v-3.816c-.378-.052-1.678-.169-3.192-.169-3.159 0-5.323 1.987-5.323 5.639v3.361h-3.486v4.266h3.486v10.734h4.274v-10.733h3.345l.531-4.266h-3.877v-2.939c.001-1.233.333-2.077 2.051-2.077z\"><\/path><\/svg>\t\t\t\t\t<\/a>\n\t\t\t\t<\/span>\n\t\t\t\t\t<\/div>\n\t\t\t\t<\/div>\n\t\t\t\t<\/div>\n\t\t\t\t<div class=\"elementor-element elementor-element-2e3708e elementor-widget elementor-widget-heading\" data-id=\"2e3708e\" data-element_type=\"widget\" data-widget_type=\"heading.default\">\n\t\t\t\t<div class=\"elementor-widget-container\">\n\t\t\t<h2 class=\"elementor-heading-title elementor-size-default\">Kontaktandmed<\/h2>\t\t<\/div>\n\t\t\t\t<\/div>\n\t\t\t\t<div class=\"elementor-element elementor-element-b89b184 elementor-widget elementor-widget-text-editor\" data-id=\"b89b184\" data-element_type=\"widget\" data-widget_type=\"text-editor.default\">\n\t\t\t\t<div class=\"elementor-widget-container\">\n\t\t\t\t\t\t\t<p><strong>DAGORA O\u00dc<\/strong><\/p>\t\t\t\t\t\t<\/div>\n\t\t\t\t<\/div>\n\t\t\t\t<div class=\"elementor-element elementor-element-fbd724e elementor-list-item-link-inline elementor-widget__width-initial elementor-icon-list--layout-traditional elementor-widget elementor-widget-icon-list\" data-id=\"fbd724e\" data-element_type=\"widget\" data-widget_type=\"icon-list.default\">\n\t\t\t\t<div class=\"elementor-widget-container\">\n\t\t\t\t\t<ul class=\"elementor-icon-list-items\">\n\t\t\t\t\t\t\t<li class=\"elementor-icon-list-item\">\n\t\t\t\t\t\t\t\t\t\t\t<span class=\"elementor-icon-list-icon\">\n\t\t\t\t\t\t\t<i aria-hidden=\"true\" class=\"fas fa-phone-alt\"><\/i>\t\t\t\t\t\t<\/span>\n\t\t\t\t\t\t\t\t\t\t<span class=\"elementor-icon-list-text\">+372 56 205 306<\/span>\n\t\t\t\t\t\t\t\t\t<\/li>\n\t\t\t\t\t\t\t\t<li class=\"elementor-icon-list-item\">\n\t\t\t\t\t\t\t\t\t\t\t<span class=\"elementor-icon-list-icon\">\n\t\t\t\t\t\t\t<i aria-hidden=\"true\" class=\"fas fa-mail-bulk\"><\/i>\t\t\t\t\t\t<\/span>\n\t\t\t\t\t\t\t\t\t\t<span class=\"elementor-icon-list-text\">info@infobalans.ee<\/span>\n\t\t\t\t\t\t\t\t\t<\/li>\n\t\t\t\t\t\t\t\t<li class=\"elementor-icon-list-item\">\n\t\t\t\t\t\t\t\t\t\t\t<span class=\"elementor-icon-list-icon\">\n\t\t\t\t\t\t\t<i aria-hidden=\"true\" class=\"fas fa-location-arrow\"><\/i>\t\t\t\t\t\t<\/span>\n\t\t\t\t\t\t\t\t\t\t<span class=\"elementor-icon-list-text\">Ajandi tee 21, Viimsi vald, 32452, Eesti<\/span>\n\t\t\t\t\t\t\t\t\t<\/li>\n\t\t\t\t\t\t\t\t<li class=\"elementor-icon-list-item\">\n\t\t\t\t\t\t\t\t\t\t\t<span class=\"elementor-icon-list-icon\">\n\t\t\t\t\t\t\t<i aria-hidden=\"true\" class=\"fas fa-landmark\"><\/i>\t\t\t\t\t\t<\/span>\n\t\t\t\t\t\t\t\t\t\t<span class=\"elementor-icon-list-text\">Reg-nr:  12786460<\/span>\n\t\t\t\t\t\t\t\t\t<\/li>\n\t\t\t\t\t\t<\/ul>\n\t\t\t\t<\/div>\n\t\t\t\t<\/div>\n\t\t\t\t\t<\/div>\n\t\t<\/div>\n\t\t\t\t<div class=\"elementor-column elementor-col-50 elementor-inner-column elementor-element elementor-element-da596e8\" data-id=\"da596e8\" data-element_type=\"column\" data-settings=\"{&quot;background_background&quot;:&quot;classic&quot;}\">\n\t\t\t<div class=\"elementor-widget-wrap elementor-element-populated\">\n\t\t\t\t\t\t\t\t<div class=\"elementor-element elementor-element-dc72728 elementor-widget elementor-widget-heading\" data-id=\"dc72728\" data-element_type=\"widget\" data-widget_type=\"heading.default\">\n\t\t\t\t<div class=\"elementor-widget-container\">\n\t\t\t<h2 class=\"elementor-heading-title elementor-size-default\">Kontaktvorm<\/h2>\t\t<\/div>\n\t\t\t\t<\/div>\n\t\t\t\t<div class=\"elementor-element elementor-element-ccd15b7 elementor-button-align-start elementor-widget elementor-widget-global elementor-global-1308 elementor-widget-form\" data-id=\"ccd15b7\" data-element_type=\"widget\" data-settings=\"{&quot;step_next_label&quot;:&quot;Next&quot;,&quot;step_previous_label&quot;:&quot;Previous&quot;,&quot;button_width&quot;:&quot;100&quot;,&quot;step_type&quot;:&quot;number_text&quot;,&quot;step_icon_shape&quot;:&quot;circle&quot;}\" data-widget_type=\"form.default\">\n\t\t\t\t<div class=\"elementor-widget-container\">\n\t\t\t\t\t<form class=\"elementor-form\" method=\"post\" id=\"contactForm\" name=\"Contacts\">\n\t\t\t<input type=\"hidden\" name=\"post_id\" value=\"1131\"\/>\n\t\t\t<input type=\"hidden\" name=\"form_id\" value=\"ccd15b7\"\/>\n\t\t\t<input type=\"hidden\" name=\"referer_title\" value=\"Infobalans\" \/>\n\n\t\t\t\n\t\t\t<div class=\"elementor-form-fields-wrapper elementor-labels-\">\n\t\t\t\t\t\t\t\t<div class=\"elementor-field-type-text elementor-field-group elementor-column elementor-field-group-name elementor-col-50\">\n\t\t\t\t\t<input size=\"1\" type=\"text\" name=\"form_fields[name]\" id=\"form-field-name\" class=\"elementor-field elementor-size-xs  elementor-field-textual\" placeholder=\"T\u00e4isnimi\">\t\t\t\t<\/div>\n\t\t\t\t\t\t\t\t<div class=\"elementor-field-type-tel elementor-field-group elementor-column elementor-field-group-email elementor-col-50 elementor-field-required\">\n\t\t\t\t\t<input size=\"1\" type=\"tel\" name=\"form_fields[email]\" id=\"form-field-email\" class=\"elementor-field elementor-size-xs  elementor-field-textual\" placeholder=\"Telefon\" required=\"required\" aria-required=\"true\" pattern=\"[0-9()#&amp;+*-=.]+\" title=\"Only numbers and phone characters (#, -, *, etc) are accepted.\">\t\t\t\t<\/div>\n\t\t\t\t\t\t\t\t<div class=\"elementor-field-type-text elementor-field-group elementor-column elementor-field-group-message elementor-col-50 elementor-field-required\">\n\t\t\t\t\t<input size=\"1\" type=\"text\" name=\"form_fields[message]\" id=\"form-field-message\" class=\"elementor-field elementor-size-xs  elementor-field-textual\" placeholder=\"Ettev\u00f5te*\" required=\"required\" aria-required=\"true\">\t\t\t\t<\/div>\n\t\t\t\t\t\t\t\t<div class=\"elementor-field-type-email elementor-field-group elementor-column elementor-field-group-field_0211be1 elementor-col-50 elementor-field-required\">\n\t\t\t\t\t<input size=\"1\" type=\"email\" name=\"form_fields[field_0211be1]\" id=\"form-field-field_0211be1\" class=\"elementor-field elementor-size-xs  elementor-field-textual\" placeholder=\"Email*\" required=\"required\" aria-required=\"true\">\t\t\t\t<\/div>\n\t\t\t\t\t\t\t\t<div class=\"elementor-field-type-textarea elementor-field-group elementor-column elementor-field-group-field_ef7b968 elementor-col-100 elementor-field-required\">\n\t\t\t\t\t<textarea class=\"elementor-field-textual elementor-field  elementor-size-xs\" name=\"form_fields[field_ef7b968]\" id=\"form-field-field_ef7b968\" rows=\"4\" placeholder=\"Kommentaarid vajaliku konsultatsiooni kohta\" required=\"required\" aria-required=\"true\"><\/textarea>\t\t\t\t<\/div>\n\t\t\t\t\t\t\t\t<div class=\"elementor-field-group elementor-column elementor-field-type-submit elementor-col-100 e-form__buttons\">\n\t\t\t\t\t<button type=\"submit\" class=\"elementor-button elementor-size-md elementor-animation-bob\">\n\t\t\t\t\t\t<span >\n\t\t\t\t\t\t\t\t\t\t\t\t\t\t\t<span class=\" elementor-button-icon\">\n\t\t\t\t\t\t\t\t\t\t\t\t\t\t\t\t\t\t\t\t\t\t\t\t\t\t<\/span>\n\t\t\t\t\t\t\t\t\t\t\t\t\t\t\t\t\t\t\t\t\t\t<span class=\"elementor-button-text\">Registreeri<\/span>\n\t\t\t\t\t\t\t\t\t\t\t\t\t<\/span>\n\t\t\t\t\t<\/button>\n\t\t\t\t<\/div>\n\t\t\t<\/div>\n\t\t<\/form>\n\t\t\t\t<\/div>\n\t\t\t\t<\/div>\n\t\t\t\t\t<\/div>\n\t\t<\/div>\n\t\t\t\t\t\t\t<\/div>\n\t\t<\/section>\n\t\t\t\t\t<\/div>\n\t\t<\/div>\n\t\t\t\t\t\t\t<\/div>\n\t\t<\/section>\n\t\t\t\t<section class=\"elementor-section elementor-top-section elementor-element elementor-element-5e591b4 elementor-section-full_width elementor-section-height-default elementor-section-height-default\" data-id=\"5e591b4\" data-element_type=\"section\">\n\t\t\t\t\t\t<div class=\"elementor-container elementor-column-gap-no\">\n\t\t\t\t\t<div class=\"elementor-column elementor-col-100 elementor-top-column elementor-element elementor-element-9750be8\" data-id=\"9750be8\" data-element_type=\"column\">\n\t\t\t<div class=\"elementor-widget-wrap elementor-element-populated\">\n\t\t\t\t\t\t\t\t<div class=\"elementor-element elementor-element-f368832 elementor-widget elementor-widget-google_maps\" data-id=\"f368832\" data-element_type=\"widget\" data-widget_type=\"google_maps.default\">\n\t\t\t\t<div class=\"elementor-widget-container\">\n\t\t\t\t\t<div class=\"elementor-custom-embed\">\n\t\t\t<iframe frameborder=\"0\" scrolling=\"no\" marginheight=\"0\" marginwidth=\"0\"\n\t\t\t\t\tsrc=\"https:\/\/maps.google.com\/maps?q=Ajandi%20tee%2021%2CViimsi%20vald%2C%2032452%2C%20Eesti%E2%80%8B&#038;t=m&#038;z=12&#038;output=embed&#038;iwloc=near\"\n\t\t\t\t\ttitle=\"Ajandi tee 21,Viimsi vald, 32452, Eesti\u200b\"\n\t\t\t\t\taria-label=\"Ajandi tee 21,Viimsi vald, 32452, Eesti\u200b\"\n\t\t\t><\/iframe>\n\t\t<\/div>\n\t\t\t\t<\/div>\n\t\t\t\t<\/div>\n\t\t\t\t\t<\/div>\n\t\t<\/div>\n\t\t\t\t\t\t\t<\/div>\n\t\t<\/section>\n\t\t\t\t\t\t<\/div>\n\t\t\t\t\t<\/div>\n\t\t","protected":false},"excerpt":{"rendered":"<p>Kontaktid Kas on k\u00fcsimusi? K\u00fcsige julgesti! Meil on r\u00f5\u00f5m n\u00e4ha teid meie kontoris, et arutada \u00fcksikasjalikumalt teie ettev\u00f5tte raamatupidamisteenuseid! Vastame teie k\u00fcsimustele alati hea meelega. Kontaktandmed DAGORA O\u00dc +372 56 205 306 info@infobalans.ee Ajandi tee 21, Viimsi vald, 32452, Eesti Reg-nr: 12786460 Kontaktvorm<\/p>\n","protected":false},"author":2,"featured_media":0,"parent":0,"menu_order":0,"comment_status":"closed","ping_status":"closed","template":"elementor_header_footer","meta":{"footnotes":""},"class_list":["post-1131","page","type-page","status-publish","hentry"],"yoast_head":"<!-- This site is optimized with the Yoast SEO plugin v17.2.1 - https:\/\/yoast.com\/wordpress\/plugins\/seo\/ -->\n<title>KONTAKTID - Infobalans<\/title>\n<meta name=\"robots\" content=\"index, follow, max-snippet:-1, max-image-preview:large, max-video-preview:-1\" \/>\n<link rel=\"canonical\" href=\"https:\/\/infobalans.ee\/kontakt-2\/\" \/>\n<meta property=\"og:locale\" content=\"et_EE\" \/>\n<meta property=\"og:type\" content=\"article\" \/>\n<meta property=\"og:title\" content=\"KONTAKTID - Infobalans\" \/>\n<meta property=\"og:description\" content=\"Kontaktid Kas on k\u00fcsimusi? K\u00fcsige julgesti! Meil on r\u00f5\u00f5m n\u00e4ha teid meie kontoris, et arutada \u00fcksikasjalikumalt teie ettev\u00f5tte raamatupidamisteenuseid! Vastame teie k\u00fcsimustele alati hea meelega. Kontaktandmed DAGORA O\u00dc +372 56 205 306 info@infobalans.ee Ajandi tee 21, Viimsi vald, 32452, Eesti Reg-nr: 12786460 Kontaktvorm\" \/>\n<meta property=\"og:url\" content=\"https:\/\/infobalans.ee\/kontakt-2\/\" \/>\n<meta property=\"og:site_name\" content=\"Infobalans\" \/>\n<meta property=\"article:modified_time\" content=\"2021-10-07T07:03:45+00:00\" \/>\n<meta name=\"twitter:card\" content=\"summary_large_image\" \/>\n<meta name=\"twitter:label1\" content=\"Est. reading time\" \/>\n\t<meta name=\"twitter:data1\" content=\"1 minut\" \/>\n<script type=\"application\/ld+json\" class=\"yoast-schema-graph\">{\"@context\":\"https:\/\/schema.org\",\"@graph\":[{\"@type\":\"WebSite\",\"@id\":\"https:\/\/infobalans.ee\/#website\",\"url\":\"https:\/\/infobalans.ee\/\",\"name\":\"Infobalans\",\"description\":\"\\u0411\\u0443\\u0445\\u0433\\u0430\\u043b\\u0442\\u0435\\u0440\\u0441\\u043a\\u0438\\u0435 \\u0443\\u0441\\u043b\\u0443\\u0433\\u0438\",\"potentialAction\":[{\"@type\":\"SearchAction\",\"target\":{\"@type\":\"EntryPoint\",\"urlTemplate\":\"https:\/\/infobalans.ee\/?s={search_term_string}\"},\"query-input\":\"required name=search_term_string\"}],\"inLanguage\":\"et\"},{\"@type\":\"WebPage\",\"@id\":\"https:\/\/infobalans.ee\/kontakt-2\/#webpage\",\"url\":\"https:\/\/infobalans.ee\/kontakt-2\/\",\"name\":\"KONTAKTID - Infobalans\",\"isPartOf\":{\"@id\":\"https:\/\/infobalans.ee\/#website\"},\"datePublished\":\"2021-09-09T06:10:29+00:00\",\"dateModified\":\"2021-10-07T07:03:45+00:00\",\"breadcrumb\":{\"@id\":\"https:\/\/infobalans.ee\/kontakt-2\/#breadcrumb\"},\"inLanguage\":\"et\",\"potentialAction\":[{\"@type\":\"ReadAction\",\"target\":[\"https:\/\/infobalans.ee\/kontakt-2\/\"]}]},{\"@type\":\"BreadcrumbList\",\"@id\":\"https:\/\/infobalans.ee\/kontakt-2\/#breadcrumb\",\"itemListElement\":[{\"@type\":\"ListItem\",\"position\":1,\"name\":\"\\u0413\\u043b\\u0430\\u0432\\u043d\\u0430\\u044f \\u0441\\u0442\\u0440\\u0430\\u043d\\u0438\\u0446\\u0430\",\"item\":\"https:\/\/infobalans.ee\/et\/\"},{\"@type\":\"ListItem\",\"position\":2,\"name\":\"KONTAKTID\"}]}]}<\/script>\n<!-- \/ Yoast SEO plugin. -->","yoast_head_json":{"title":"KONTAKTID - Infobalans","robots":{"index":"index","follow":"follow","max-snippet":"max-snippet:-1","max-image-preview":"max-image-preview:large","max-video-preview":"max-video-preview:-1"},"canonical":"https:\/\/infobalans.ee\/kontakt-2\/","og_locale":"et_EE","og_type":"article","og_title":"KONTAKTID - Infobalans","og_description":"Kontaktid Kas on k\u00fcsimusi? K\u00fcsige julgesti! Meil on r\u00f5\u00f5m n\u00e4ha teid meie kontoris, et arutada \u00fcksikasjalikumalt teie ettev\u00f5tte raamatupidamisteenuseid! Vastame teie k\u00fcsimustele alati hea meelega. Kontaktandmed DAGORA O\u00dc +372 56 205 306 info@infobalans.ee Ajandi tee 21, Viimsi vald, 32452, Eesti Reg-nr: 12786460 Kontaktvorm","og_url":"https:\/\/infobalans.ee\/kontakt-2\/","og_site_name":"Infobalans","article_modified_time":"2021-10-07T07:03:45+00:00","twitter_card":"summary_large_image","twitter_misc":{"Est. reading time":"1 minut"},"schema":{"@context":"https:\/\/schema.org","@graph":[{"@type":"WebSite","@id":"https:\/\/infobalans.ee\/#website","url":"https:\/\/infobalans.ee\/","name":"Infobalans","description":"\u0411\u0443\u0445\u0433\u0430\u043b\u0442\u0435\u0440\u0441\u043a\u0438\u0435 \u0443\u0441\u043b\u0443\u0433\u0438","potentialAction":[{"@type":"SearchAction","target":{"@type":"EntryPoint","urlTemplate":"https:\/\/infobalans.ee\/?s={search_term_string}"},"query-input":"required name=search_term_string"}],"inLanguage":"et"},{"@type":"WebPage","@id":"https:\/\/infobalans.ee\/kontakt-2\/#webpage","url":"https:\/\/infobalans.ee\/kontakt-2\/","name":"KONTAKTID - Infobalans","isPartOf":{"@id":"https:\/\/infobalans.ee\/#website"},"datePublished":"2021-09-09T06:10:29+00:00","dateModified":"2021-10-07T07:03:45+00:00","breadcrumb":{"@id":"https:\/\/infobalans.ee\/kontakt-2\/#breadcrumb"},"inLanguage":"et","potentialAction":[{"@type":"ReadAction","target":["https:\/\/infobalans.ee\/kontakt-2\/"]}]},{"@type":"BreadcrumbList","@id":"https:\/\/infobalans.ee\/kontakt-2\/#breadcrumb","itemListElement":[{"@type":"ListItem","position":1,"name":"\u0413\u043b\u0430\u0432\u043d\u0430\u044f \u0441\u0442\u0440\u0430\u043d\u0438\u0446\u0430","item":"https:\/\/infobalans.ee\/et\/"},{"@type":"ListItem","position":2,"name":"KONTAKTID"}]}]}},"_links":{"self":[{"href":"https:\/\/infobalans.ee\/et\/wp-json\/wp\/v2\/pages\/1131","targetHints":{"allow":["GET"]}}],"collection":[{"href":"https:\/\/infobalans.ee\/et\/wp-json\/wp\/v2\/pages"}],"about":[{"href":"https:\/\/infobalans.ee\/et\/wp-json\/wp\/v2\/types\/page"}],"author":[{"embeddable":true,"href":"https:\/\/infobalans.ee\/et\/wp-json\/wp\/v2\/users\/2"}],"replies":[{"embeddable":true,"href":"https:\/\/infobalans.ee\/et\/wp-json\/wp\/v2\/comments?post=1131"}],"version-history":[{"count":19,"href":"https:\/\/infobalans.ee\/et\/wp-json\/wp\/v2\/pages\/1131\/revisions"}],"predecessor-version":[{"id":1483,"href":"https:\/\/infobalans.ee\/et\/wp-json\/wp\/v2\/pages\/1131\/revisions\/1483"}],"wp:attachment":[{"href":"https:\/\/infobalans.ee\/et\/wp-json\/wp\/v2\/media?parent=1131"}],"curies":[{"name":"wp","href":"https:\/\/api.w.org\/{rel}","templated":true}]}}